{"id":3,"date":"2024-05-16T11:53:32","date_gmt":"2024-05-16T11:53:32","guid":{"rendered":"https:\/\/www2.rei-d-services.com\/?page_id=3"},"modified":"2024-08-01T21:31:46","modified_gmt":"2024-08-01T21:31:46","slug":"privacy-policy","status":"publish","type":"page","link":"https:\/\/www.rei-d-services.com\/ro\/privacy-policy\/","title":{"rendered":"Politica de Confiden\u021bialitate"},"content":{"rendered":"<div data-elementor-type=\"wp-page\" data-elementor-id=\"3\" class=\"elementor elementor-3\">\n\t\t\t\t<div class=\"wolf-core-elementor-row wolf-core-font- elementor-element elementor-element-4e295e6f e-flex e-con-boxed e-con e-parent\" data-font-skin=\"\" data-id=\"4e295e6f\" data-element_type=\"container\">\n\t\t\t\t\t<div class=\"e-con-inner\">\n\t\t\t\t<div class=\"elementor-element elementor-element-266442db elementor-widget elementor-widget-text-editor\" data-id=\"266442db\" data-element_type=\"widget\" data-widget_type=\"text-editor.default\">\n\t\t\t\t<div class=\"elementor-widget-container\">\n\t\t\t\t\t\t\t<h1>Politica de Confiden\u021bialitate<\/h1><p><strong>R.E.I. DEVELOPMENT SERVICES S.R.L. <\/strong>privind colectarea, procesarea \u0219i stocarea datelor personale\u00a0<\/p><p>\u00cen baza prevederilor Regulamentului nr. 679\/2016 privind protec\u021bia persoanelor fizice \u00een ceea ce prive\u0219te prelucrarea datelor cu caracter personal \u0219i libera circula\u021bie a acestor date (GDPR), aceast\u0103 Politic\u0103 de Confiden\u021bialitate se aplic\u0103 doar clien\u021bilor R.E.I. DEVELOPMENT SERVICES S.R.L. \u0219i utilizatorilor serviciilor noastre online, respectiv vizitatorilor site-ului nostru. R.E.I. DEVELOPMENT SERVICES S.R.L. se angajeaz\u0103 s\u0103 asigure protec\u021bia confiden\u021bialit\u0103\u021bii datelor dumneavoastr\u0103 personale, fiind un subiect al datelor atunci c\u00e2nd utiliza\u021bi serviciile noastre. \u00cen acest sens, prin aceast\u0103 politic\u0103 stabilim at\u00e2t modul \u00een care datele dumneavoastr\u0103 personale vor fi prelucrate, drepturile pe care le ave\u021bi ca subiect de date, c\u00e2t \u0219i modul \u00een care drepturile dumneavoastr\u0103 vor fi protejate. Orice modific\u0103ri aduse acestei Politici de Confiden\u021bialitate pot fi g\u0103site vizit\u00e2nd site-ul nostru.<\/p><p>R.E.I. DEVELOPMENT SERVICES S.R.L. se aliniaz\u0103 prevederilor Regulamentului nr. 679\/2016 privind protec\u021bia persoanelor fizice \u00een ceea ce prive\u0219te prelucrarea datelor cu caracter personal \u0219i libera circula\u021bie a acestor date (GDPR), iar prin aceast\u0103 Politic\u0103 General\u0103 de Confiden\u021bialitate vom eviden\u021bia unele aspecte importante.<\/p><p><strong>1. Scopul utiliz\u0103rii datelor personale ca subiect de date<\/strong><\/p><p>Prin furnizarea datelor dumneavoastr\u0103 personale, \u00een calitate de\u00a0<strong>subiect de date,<\/strong>,\u00a0<strong>v\u0103 exprima\u021bi acordul imediat \u0219i neechivoc<\/strong>\u00a0privind utilizarea de c\u0103tre\u00a0<strong>R.E.I. DEVELOPMENT SERVICES S.R.L.<\/strong>\u00a0a datelor colectate \u00een urm\u0103toarele\u00a0<strong>scopuri<\/strong>:<\/p><ul><li>Gestionarea reclama\u021biilor: Pentru a prelua \u0219i r\u0103spunde corespunz\u0103tor la reclama\u021biile \u0219i\/sau sugestiile dumneavoastr\u0103, vom avea nevoie, de exemplu, de nume, num\u0103r de telefon fix\/mobil, adres\u0103 de email;<\/li><li>Solicit\u0103ri online: Pentru a prelua solicit\u0103rile online transmise prin formularul disponibil pe site-ul www.rei-d-services.com, vom avea nevoie, de exemplu, de nume, num\u0103r de telefon fix\/mobil, adres\u0103;<\/li><li>To contact you in the event of any problems arising from the\u00a0provision of services, case in which we will need, for example, your fixed \/ mobile phone number;<\/li><li>Procesul de recrutare:<b>\u00a0<\/b>Pentru procesul de recrutare, atunci c\u00e2nd aplica\u021bi online pentru una dintre pozi\u021biile deschise, vom avea nevoie de nume, num\u0103r de telefon fix\/mobil, adres\u0103 de email. Datele personale utilizate \u00een procesul de recrutare nu vor fi stocate pentru o perioad\u0103 mai lung\u0103 dec\u00e2t cea necesar\u0103 pentru recrutare \u0219i nu vor fi divulgate ter\u021bilor. Dac\u0103 solicitan\u021bii\/candida\u021bii doresc s\u0103 acceseze, s\u0103 modifice sau s\u0103 \u0219tearg\u0103 datele lor personale dup\u0103 \u00eencheierea procesului de recrutare, sunt ruga\u021bi s\u0103 contacteze office@rei-d-services.com.\u00a0<a href=\"mailto:office@rei-d-services.com\">office@rei-d-services.com<\/a>.<\/li><\/ul><p>Datele colectate pentru scopurile enumerate mai sus vor fi stocate<b> <\/b>doar at\u00e2t timp c\u00e2t este necesar pentru a \u00eendeplini scopurile pentru care au fost colectate, respectiv 1 (un) an sau at\u00e2t c\u00e2t este necesar prin lege, dup\u0103 care datele personale vor fi \u0219terse sau transformate \u00een date anonime, cu excep\u021bia cazurilor \u00een care exist\u0103 o dispozi\u021bie legal\u0103 imperativ\u0103 pentru p\u0103strarea lor.<\/p><p><strong>2. Drepturile dumneavoastr\u0103 ca subiect de date<\/strong><\/p><p>Regulamentul (UE) 2016\/679 privind protec\u021bia persoanelor fizice \u00een ceea ce prive\u0219te prelucrarea datelor cu caracter personal \u0219i libera circula\u021bie a acestor date (GDPR) ofer\u0103 mai multe drepturi persoanelor ale c\u0103ror date personale sunt prelucrate. Pe durata p\u0103str\u0103rii datelor personale de c\u0103tre R.E.I. DEVELOPMENT SERVICES S.R.L., ave\u021bi urm\u0103toarele drepturi:<\/p><p><em>Dreptul de acces:\u00a0<\/em>Ave\u021bi dreptul de a ob\u021bine o confirmare de la noi c\u0103 prelucr\u0103m sau nu datele personale care v\u0103 privesc \u0219i, \u00een caz afirmativ, acces la acele date \u0219i informa\u021bii despre modul \u00een care sunt prelucrate.<\/p><p><em>Dreptul la portabilitatea datelor:<\/em>\u00a0Se refer\u0103 la dreptul de a primi datele personale \u00eentr-un format structurat, utilizat \u00een mod curent \u0219i care poate fi citit automat, \u0219i la dreptul de a transmite aceste date direct c\u0103tre un alt operator, dac\u0103 este fezabil din punct de vedere tehnic.<\/p><p><em>Dreptul la opozi\u021bie:<\/em>\u00a0Se refer\u0103 la dreptul de a v\u0103 opune prelucr\u0103rii datelor personale atunci c\u00e2nd prelucrarea este necesar\u0103 pentru \u00eendeplinirea unei sarcini care serve\u0219te unui interes public sau c\u00e2nd prive\u0219te un interes legitim al operatorului. C\u00e2nd prelucrarea datelor personale este destinat\u0103 marketingului direct, ave\u021bi dreptul de a v\u0103 opune prelucr\u0103rii \u00een orice moment.<\/p><p><em>Dreptul la rectificare:<\/em>\u00a0Se refer\u0103 la corectarea, f\u0103r\u0103 \u00eent\u00e2rzieri nejustificate, a datelor personale inexacte. Corectarea va fi comunicat\u0103 fiec\u0103rui destinatar c\u0103ruia i-au fost transmise datele, cu excep\u021bia cazului \u00een care acest lucru se dovede\u0219te imposibil sau implic\u0103 eforturi dispropor\u021bionate.<\/p><p><em>Dreptul la \u0219tergerea datelor (\"dreptul de a fi uitat\"):<\/em>\u00a0Se refer\u0103 la dreptul de a solicita \u0219tergerea datelor dumneavoastr\u0103 personale f\u0103r\u0103 \u00eent\u00e2rzieri nejustificate, dac\u0103 se aplic\u0103 unul dintre urm\u0103toarele motive: datele nu mai sunt necesare pentru scopurile pentru care au fost colectate sau prelucrate; v\u0103 retrage\u021bi consim\u021b\u0103m\u00e2ntul \u0219i nu exist\u0103 un alt temei juridic pentru prelucrare; v\u0103 opune\u021bi prelucr\u0103rii \u0219i nu exist\u0103 motive legitime care s\u0103 prevaleze; datele personale au fost prelucrate ilegal; datele personale trebuie \u0219terse pentru a respecta o obliga\u021bie legal\u0103; datele personale au fost colectate \u00een leg\u0103tur\u0103 cu furnizarea de servicii ale societ\u0103\u021bii informa\u021bionale.<\/p><p><em>Dreptul la restric\u021bionarea prelucr\u0103rii:\u00a0<\/em>Poate fi exercitat dac\u0103 subiectul datelor contest\u0103 exactitatea datelor, pentru o perioad\u0103 care ne permite s\u0103 verific\u0103m exactitatea datelor; prelucrarea este ilegal\u0103, iar persoana se opune \u0219tergerii datelor personale, solicit\u00e2nd \u00een schimb restric\u021bionarea; dac\u0103 R.E.I. DEVELOPMENT SERVICES S.R.L. nu mai are nevoie de datele personale pentru scopul prelucr\u0103rii, dar persoana le solicit\u0103 pentru constatarea, exercitarea sau ap\u0103rarea unui drept \u00een instan\u021b\u0103; dac\u0103 subiectul datelor s-a opus prelucr\u0103rii pentru perioada \u00een care se verific\u0103 dac\u0103 drepturile legitime ale operatorului prevaleaz\u0103 asupra celor ale persoanei.<\/p><p><strong>Toate aceste drepturi pot fi exercitate printr-o cerere scris\u0103, semnat\u0103 \u0219i datat\u0103, trimis\u0103 la sediul nostru sau la adresa de email office@rei-d-services.com.<\/strong><a href=\"mailto:office@rei-d-services.com\"><strong>\u00a0office@rei-d-services.com<\/strong><\/a><\/p><p>\u00cen plus, \u00eencep\u00e2nd cu 25 mai 2018, dac\u0103 ave\u021bi orice pl\u00e2ngeri sau \u00eentreb\u0103ri legate de prelucrarea datelor personale, pute\u021bi contacta Responsabilul cu Protec\u021bia Datelor la\u00a0<a href=\"mailto:alin.calopereanu@dataprotectionsecurity.ro\">alin.calopereanu@dataprotectionsecurity.ro<\/a>Pl\u00e2ngerile privind prelucrarea datelor personale pot fi adresate Autorit\u0103\u021bii Na\u021bionale de Supraveghere a Prelucr\u0103rii Datelor cu Caracter Personal.<\/p><p><strong>3. Transferul datelor<\/strong><\/p><p><strong>R.E.I. DEVELOPMENT SERVICES S.R.L.<\/strong>\u00a0R.E.I. DEVELOPMENT SERVICES S.R.L. nu va transfera, vinde sau schimba datele dumneavoastr\u0103 cu ter\u021bi \u00een scopuri de marketing.<\/p><p><strong>4. Securitatea datelor dumneavoastr\u0103<\/strong><\/p><p><strong>R.E.I. DEVELOPMENT SERVICES S.R.L.<\/strong>\u00a0a luat m\u0103suri tehnice \u0219i organizatorice pentru a asigura un nivel adecvat de protec\u021bie \u0219i securitate \u00een ceea ce prive\u0219te opera\u021biunile efectuate asupra datelor personale, limit\u00e2nd accesul neautorizat sau \u00eempotriva pierderii sau manipul\u0103rii neautorizate a datelor. \u00cen plus, \u00een conformitate cu evolu\u021bia tehnologiei \u00een informatic\u0103, lucr\u0103m continuu pentru a adapta m\u0103surile de securitate.<\/p><p><strong>5. Utilizarea datelor personale<\/strong><\/p><p>Vom utiliza datele personale doar pentru scopul pentru care au fost colectate. Vom p\u0103stra aceste informa\u021bii pentru perioada men\u021bionat\u0103 \u00een Articolul 1 al acestei politici. Accesul la datele personale este strict limitat personalului R.E.I. DEVELOPMENT SERVICES S.R.L.<\/p><p><strong>6. Responsabilitate<\/strong><\/p><p>R.E.I. DEVELOPMENT SERVICES S.R.L. este responsabil\u0103 pentru respectarea GDPR, precum \u0219i pentru principiile stabilite \u00een aceast\u0103 Politic\u0103. R.E.I. DEVELOPMENT SERVICES S.R.L. va men\u021bine sub responsabilitatea sa un registru \u00een care va p\u0103stra o eviden\u021b\u0103 a prelucr\u0103rii datelor personale \u0219i a scopului pentru care au fost colectate, \u0219i unde este necesar, va pune informa\u021biile la dispozi\u021bia autorit\u0103\u021bilor de supraveghere.<\/p><p>Orice \u00eentreb\u0103ri legate de aceast\u0103 politic\u0103 de confiden\u021bialitate pot fi adresate la urm\u0103toarea adres\u0103 de email: office@rei-d-services.com.\u00a0<a href=\"mailto:office@rei-d-services.com\">office@rei-d-services.com<\/a>.<\/p><p><strong>7. Securitatea prelucr\u0103rii<\/strong><\/p><p>Vom prelucra datele \u00een siguran\u021b\u0103, aplic\u00e2nd \u0219i men\u021bin\u00e2nd m\u0103suri tehnice adecvate pentru a proteja datele personale de distrugere sau pierdere accidental\u0103 sau ilegal\u0103, alterare, divulgare sau acces neautorizat. \u00cen cazul \u00een care se constat\u0103 posibile \u00eenc\u0103lc\u0103ri ale securit\u0103\u021bii datelor, R.E.I. DEVELOPMENT SERVICES S.R.L. este obligat\u0103 s\u0103 notifice Autoritatea Na\u021bional\u0103 de Supraveghere a Prelucr\u0103rii Datelor cu Caracter Personal \u00een termen de 72 de ore \u0219i subiec\u021bii datelor c\u00e2t mai cur\u00e2nd posibil.<\/p><p><strong>8. Accesul \u0219i rectificarea sau \u0219tergerea datelor personale<\/strong><\/p><p>Utilizatorii au dreptul de a solicita \u00een orice moment, pe durata perioadei de stocare descris\u0103 \u00een Articolul 1 al acestei politici, exercitarea drepturilor subiectului datelor prev\u0103zute \u00een Articolul 2 al acestei politici \u0219i \u00een Regulamentul nr. 679\/2016 privind protec\u021bia persoanelor fizice \u00een ceea ce prive\u0219te prelucrarea datelor cu caracter personal \u0219i libera circula\u021bie a acestor date (GDPR), prin trimiterea unui email la\u00a0<a href=\"mailto:office@rei-d-services.com\">office@rei-d-services.com.<\/a><\/p><p><strong>9. Pl\u00e2ngeri\/notific\u0103ri\/solicit\u0103ri \u0219i termene de r\u0103spuns<\/strong><\/p><p>Utilizatorii ale c\u0103ror date au fost colectate \u0219i\/sau prelucrate \u0219i \u00een scopurile pentru care \u0219i-au dat consim\u021b\u0103m\u00e2ntul, pe \u00eentreaga perioad\u0103 pentru care aceste date au fost colectate, subiec\u021bii datelor \u2013 utilizatorii pot depune pl\u00e2ngeri\/notific\u0103ri\/solicit\u0103ri la R.E.I. DEVELOPMENT SERVICES S.R.L. astfel trimi\u021b\u00e2nd un email la\u00a0\u00a0<a href=\"mailto:office@rei-d-services.com\">office@rei-d-services.com.<\/a>\u00a0Termenul de r\u0103spuns pentru astfel de pl\u00e2ngeri\/notific\u0103ri\/solicit\u0103ri este de 30 (treizeci) de zile de la data primirii \u0219i \u00eenregistr\u0103rii acestora.<\/p><p><strong>10. Modific\u0103ri\/complet\u0103ri ale acestei politici<\/strong><\/p><p>R.E.I. DEVELOPMENT SERVICES S.R.L. \u00ee\u0219i rezerv\u0103 dreptul de a modifica unilateral aceast\u0103 politic\u0103 ori de c\u00e2te ori consider\u0103 necesar \u0219i\/sau, de exemplu, \u00een urma unor modific\u0103ri legislative relevante. Dac\u0103 se efectueaz\u0103 modific\u0103ri ale Politicii R.E.I. DEVELOPMENT SERVICES S.R.L., acestea vor fi f\u0103cute cunoscute prin intermediul site-ului www.rei-d-services.com. \u00cencuraj\u0103m utilizatorii s\u0103 verifice periodic aceast\u0103 pagin\u0103 pentru a fi informa\u021bi despre cele mai recente nout\u0103\u021bi privind Politica General\u0103 de Confiden\u021bialitate.<\/p><p><strong>11. Date de contact<\/strong><\/p><p>R.E.I. DEVELOPMENT SERVICES S.R.L., cu sediul \u00een Bucure\u0219ti, Sector 1, strada Sfin\u021bii Voievozi, nr. 65, etaj 3, \u00eenregistrat\u0103 la Registrul Comer\u021bului, sub nr. J40\/9065\/2016, Cod Unic de \u00cenregistrare: RO 36270960, Tel.: 0726709245; 0726709246, adresa de email: \u00a0<a href=\"mailto:office@rei-d-services.com\">office@rei-d-services.com.<\/a><\/p>\t\t\t\t\t\t<\/div>\n\t\t\t\t<\/div>\n\t\t\t\t\t<\/div>\n\t\t\t\t<\/div>\n\t\t\t\t<\/div>","protected":false},"excerpt":{"rendered":"<p>Privacy Policy R.E.I. DEVELOPMENT SERVICES S.R.L. regarding the collection, processing and storage of personal data\u00a0 Based on the provisions of Regulation no. 679\/2016 regarding the protection of physical persons with regard to the processing of personal data and the free movement of such data (GDPR), this Privacy Policy only concerns the clients of R.E.I. DEVELOPMENT&#8230;<\/p>\n<p><a rel=\"bookmark\" class=\"theme-button-text wolf-core-button wolf-core-button-size-md\" href=\"https:\/\/www.rei-d-services.com\/ro\/privacy-policy\/\"><span>Continue reading<\/span><\/a><\/p>","protected":false},"author":4,"featured_media":0,"parent":0,"menu_order":0,"comment_status":"closed","ping_status":"open","template":"","meta":{"footnotes":""},"class_list":{"0":"post-3","1":"page","2":"type-page","3":"status-publish","4":"hentry","5":"entry","6":"clearfix","7":"entry-grid","8":"entry-columns-default","9":"entry-page-module-layout-standard","10":"no-post-thumbnail","11":"entry-page","13":"entry-page-grid"},"_links":{"self":[{"href":"https:\/\/www.rei-d-services.com\/ro\/wp-json\/wp\/v2\/pages\/3","targetHints":{"allow":["GET"]}}],"collection":[{"href":"https:\/\/www.rei-d-services.com\/ro\/wp-json\/wp\/v2\/pages"}],"about":[{"href":"https:\/\/www.rei-d-services.com\/ro\/wp-json\/wp\/v2\/types\/page"}],"author":[{"embeddable":true,"href":"https:\/\/www.rei-d-services.com\/ro\/wp-json\/wp\/v2\/users\/4"}],"replies":[{"embeddable":true,"href":"https:\/\/www.rei-d-services.com\/ro\/wp-json\/wp\/v2\/comments?post=3"}],"version-history":[{"count":0,"href":"https:\/\/www.rei-d-services.com\/ro\/wp-json\/wp\/v2\/pages\/3\/revisions"}],"wp:attachment":[{"href":"https:\/\/www.rei-d-services.com\/ro\/wp-json\/wp\/v2\/media?parent=3"}],"curies":[{"name":"wp","href":"https:\/\/api.w.org\/{rel}","templated":true}]}}