{"id":5551,"date":"2024-05-29T17:01:20","date_gmt":"2024-05-29T17:01:20","guid":{"rendered":"https:\/\/www2.rei-d-services.com\/?page_id=5551"},"modified":"2024-05-29T17:02:22","modified_gmt":"2024-05-29T17:02:22","slug":"terms-and-conditions","status":"publish","type":"page","link":"https:\/\/www.rei-d-services.com\/ro\/terms-and-conditions\/","title":{"rendered":"Termeni \u0219i Condi\u021bii"},"content":{"rendered":"<div data-elementor-type=\"wp-page\" data-elementor-id=\"5551\" class=\"elementor elementor-5551\">\n\t\t\t\t<div class=\"wolf-core-elementor-row wolf-core-font- elementor-element elementor-element-4e295e6f e-flex e-con-boxed e-con e-parent\" data-font-skin=\"\" data-id=\"4e295e6f\" data-element_type=\"container\">\n\t\t\t\t\t<div class=\"e-con-inner\">\n\t\t\t\t<div class=\"elementor-element elementor-element-266442db elementor-widget elementor-widget-text-editor\" data-id=\"266442db\" data-element_type=\"widget\" data-widget_type=\"text-editor.default\">\n\t\t\t\t<div class=\"elementor-widget-container\">\n\t\t\t\t\t\t\t<h1>Termeni \u0219i Condi\u021bii<\/h1><p>Prin acceptarea \u201eTermenilor \u0219i condi\u021biilor\u201d (I), exprimi consim\u021b\u0103m\u00e2ntul t\u0103u clar \u0219i neechivoc ca datele completate \u00een formularul existent s\u0103 fie transmise c\u0103tre REI Development Services S.R.L. (\u201eREI\u201d) pentru a fi procesate, conform Legii nr. 190\/2018 \u0219i Regulamentului UE nr. 2016\/679, \u00een vederea furniz\u0103rii de informa\u021bii privind serviciile REI, direct sau prin intermediul partenerilor lor contractuali \u0219i (II) confirmi c\u0103 datele furnizate \u00ee\u021bi apar\u021bin \u00een totalitate \u0219i sunt corecte \u0219i actualizate.<\/p><p>Transmiterea datelor tale nu este obligatorie, dar refuzul de a o face va avea ca efect imposibilitatea de a primi informa\u021biile solicitate \u0219i REI nu va putea s\u0103 te contacteze. Conform normelor legislative men\u021bionate mai sus, beneficiezi de dreptul de informare, dreptul de acces la date, dreptul de interven\u021bie, dreptul de opozi\u021bie sau dreptul de a fi uitat, dreptul de a nu fi supus unei decizii bazate exclusiv pe prelucrarea automat\u0103 a datelor, precum \u0219i dreptul de a te adresa Autorit\u0103\u021bii Na\u021bionale de Supraveghere a Prelucr\u0103rii Datelor cu Caracter Personal \u0219i instan\u021belor competente. De exemplu, ai dreptul de a contesta oric\u00e2nd, liber \u0219i f\u0103r\u0103 justificare, prelucrarea datelor tale personale \u00een scopuri de marketing direct.<\/p><p>Pentru a exercita oricare dintre drepturile specificate \u00een leg\u0103tur\u0103 cu colaborarea ta cu REI, este necesar s\u0103 trimi\u021bi o solicitare scris\u0103, datat\u0103 \u0219i semnat\u0103, la sediul REI din Bucure\u0219ti, Strada Sfin\u021bii Voievozi, nr. 65, Cl\u0103direa Jupiter House, Sector 1, sau prin e-mail la office@rei-d-services.com. Cu acordul t\u0103u, datele completate vor fi p\u0103strate pe o perioad\u0103 nelimitat\u0103 \u0219i actualizate \u00een cadrul campaniilor de marketing direct derulate de REI, sau la cererea ta. Am implementat proceduri adecvate pentru a proteja \u0219i securiza informa\u021biile colectate. Datele tale personale nu vor fi utilizate \u00een alte scopuri dec\u00e2t cu permisiunea ta sau dac\u0103 legea sau standardele profesionale permit sau impun acest lucru. E\u0219ti de acord ca REI s\u0103 elimine datele tale personale dac\u0103 exist\u0103 suspiciuni sau dac\u0103 este evident c\u0103 datele introduse sunt incorecte sau \u00een conflict cu standardele \u0219i practicile etice.<\/p><p>De asemenea, confirmi c\u0103 ai v\u00e2rsta de 16 ani \u0219i c\u0103 ai capacitatea legal\u0103 de a accepta termenii \u0219i condi\u021biile prezentate. \u00cen caz contrar, ai consim\u021b\u0103m\u00e2ntul tutorelui t\u0103u legal pentru a oferi datele tale personale.<\/p><p>Cu permisiunea ta, REI va p\u0103stra datele tale personale timp de 12 luni de la ultima actualizare, iar actualiz\u0103rile vor fi efectuate \u00een cadrul discu\u021biilor ini\u021biate de REI (prin e-mail, telefon sau \u00een timpul interviurilor) sau la cererea ta.<\/p><p>REI este obligat\u0103 s\u0103 gestioneze \u00een siguran\u021b\u0103 datele personale furnizate \u0219i numai pentru scopurile stabilite. Am implementat proceduri adecvate pentru a proteja \u0219i securiza informa\u021biile colectate. Datele tale personale nu vor fi utilizate \u00een alte scopuri dec\u00e2t cu permisiunea ta sau dac\u0103 legea sau standardele profesionale permit sau impun acest lucru.<\/p>\t\t\t\t\t\t<\/div>\n\t\t\t\t<\/div>\n\t\t\t\t\t<\/div>\n\t\t\t\t<\/div>\n\t\t\t\t<\/div>","protected":false},"excerpt":{"rendered":"<p>Terms and Conditions By accepting \u201cTerms and conditions\u201d (I) you express your prompt and unambiguous consent that the submitted data in the existent form can be transmitted to REI Development Services S.R.L. (\u201cREI\u201d) in order to be processed, by respecting Law no. 190\/2018, respectively no. 2016\/679 EU Regulation, in order to offer information regarding REI\u2019s&#8230;<\/p>\n<p><a rel=\"bookmark\" class=\"theme-button-text wolf-core-button wolf-core-button-size-md\" href=\"https:\/\/www.rei-d-services.com\/ro\/terms-and-conditions\/\"><span>Continue reading<\/span><\/a><\/p>","protected":false},"author":4,"featured_media":0,"parent":0,"menu_order":0,"comment_status":"closed","ping_status":"closed","template":"","meta":{"footnotes":""},"class_list":{"0":"post-5551","1":"page","2":"type-page","3":"status-publish","4":"hentry","5":"entry","6":"clearfix","7":"entry-grid","8":"entry-columns-default","9":"entry-page-module-layout-standard","10":"no-post-thumbnail","11":"entry-page","13":"entry-page-grid"},"_links":{"self":[{"href":"https:\/\/www.rei-d-services.com\/ro\/wp-json\/wp\/v2\/pages\/5551","targetHints":{"allow":["GET"]}}],"collection":[{"href":"https:\/\/www.rei-d-services.com\/ro\/wp-json\/wp\/v2\/pages"}],"about":[{"href":"https:\/\/www.rei-d-services.com\/ro\/wp-json\/wp\/v2\/types\/page"}],"author":[{"embeddable":true,"href":"https:\/\/www.rei-d-services.com\/ro\/wp-json\/wp\/v2\/users\/4"}],"replies":[{"embeddable":true,"href":"https:\/\/www.rei-d-services.com\/ro\/wp-json\/wp\/v2\/comments?post=5551"}],"version-history":[{"count":0,"href":"https:\/\/www.rei-d-services.com\/ro\/wp-json\/wp\/v2\/pages\/5551\/revisions"}],"wp:attachment":[{"href":"https:\/\/www.rei-d-services.com\/ro\/wp-json\/wp\/v2\/media?parent=5551"}],"curies":[{"name":"wp","href":"https:\/\/api.w.org\/{rel}","templated":true}]}}