{"id":5556,"date":"2024-05-29T17:03:25","date_gmt":"2024-05-29T17:03:25","guid":{"rendered":"https:\/\/www2.rei-d-services.com\/?page_id=5556"},"modified":"2024-08-01T21:12:45","modified_gmt":"2024-08-01T21:12:45","slug":"cookie-policy","status":"publish","type":"page","link":"https:\/\/www.rei-d-services.com\/ro\/cookie-policy\/","title":{"rendered":"Politica de Cookie-uri"},"content":{"rendered":"<div data-elementor-type=\"wp-page\" data-elementor-id=\"5556\" class=\"elementor elementor-5556\">\n\t\t\t\t<div class=\"wolf-core-elementor-row wolf-core-font- elementor-element elementor-element-4e295e6f e-flex e-con-boxed e-con e-parent\" data-font-skin=\"\" data-id=\"4e295e6f\" data-element_type=\"container\">\n\t\t\t\t\t<div class=\"e-con-inner\">\n\t\t\t\t<div class=\"elementor-element elementor-element-266442db elementor-widget elementor-widget-text-editor\" data-id=\"266442db\" data-element_type=\"widget\" data-widget_type=\"text-editor.default\">\n\t\t\t\t<div class=\"elementor-widget-container\">\n\t\t\t\t\t\t\t<h1>Politica de Cookie-uri<\/h1><p>Aceast\u0103 Politic\u0103 de Cookie-uri explic\u0103 modul \u00een care <a href=\"https:\/\/www.rei-d-services.com\/ro\/\">rei-d-services.com<\/a> (\u201enoi\u201d, \u201enou\u0103\u201d sau \u201eal nostru\u201d) utilizeaz\u0103 cookie-uri \u0219i tehnologii de urm\u0103rire similare atunci c\u00e2nd vizita\u021bi site-ul nostru web (\u201eSite-ul\u201d).<\/p><p><strong>Ce sunt cookie-urile?<\/strong><br \/>Cookie-urile sunt fi\u0219iere mici de date care sunt plasate pe dispozitivul dvs. (computer, tablet\u0103 sau telefon mobil) atunci c\u00e2nd vizita\u021bi un site web. Cookie-urile permit site-ului s\u0103-\u0219i aminteasc\u0103 ac\u021biunile \u0219i preferin\u021bele dvs. (cum ar fi detaliile de autentificare, limba, dimensiunea fontului \u0219i alte preferin\u021be de afi\u0219are) pe o perioad\u0103 de timp, astfel \u00eenc\u00e2t s\u0103 nu fie nevoie s\u0103 le reintroduce\u021bi de fiecare dat\u0103 c\u00e2nd reveni\u021bi pe site sau naviga\u021bi de la o pagin\u0103 la alta.<\/p><p><strong>Cum folosim cookie-urile?<\/strong><br \/>Folosim cookie-uri \u00een urm\u0103toarele scopuri:<\/p><ul><li><strong>Cookie-uri esen\u021biale:<\/strong> Aceste cookie-uri sunt necesare pentru ca Site-ul s\u0103 func\u021bioneze corect \u0219i nu pot fi dezactivate \u00een sistemele noastre. Ele sunt de obicei setate ca r\u0103spuns la ac\u021biunile \u00eentreprinse de dvs. care echivaleaz\u0103 cu o cerere de servicii, cum ar fi setarea preferin\u021belor de confiden\u021bialitate, autentificarea sau completarea formularelor.<\/li><li><strong>Cookie-uri analitice\/de performan\u021b\u0103:<\/strong> Aceste cookie-uri ne permit s\u0103 colect\u0103m informa\u021bii despre modul \u00een care vizitatorii utilizeaz\u0103 Site-ul, de exemplu, ce pagini viziteaz\u0103 cel mai des \u0219i dac\u0103 primesc mesaje de eroare de la pagini web. Acest lucru ne ajut\u0103 s\u0103 \u00eembun\u0103t\u0103\u021bim modul \u00een care func\u021bioneaz\u0103 Site-ul \u0219i s\u0103 m\u0103sur\u0103m eficien\u021ba campaniilor noastre de marketing.<\/li><li><strong>Cookie-uri de func\u021bionalitate:<\/strong> Aceste cookie-uri permit Site-ului s\u0103 ofere func\u021bionalit\u0103\u021bi \u0219i personaliz\u0103ri \u00eembun\u0103t\u0103\u021bite. Ele pot fi setate de noi sau de furnizori ter\u021bi ale c\u0103ror servicii au fost ad\u0103ugate pe paginile noastre.<\/li><li><strong>Cookie-uri publicitare:<\/strong> Aceste cookie-uri pot fi setate pe site-ul nostru de c\u0103tre partenerii no\u0219tri de publicitate. Ele pot fi utilizate de aceste companii pentru a construi un profil al intereselor dvs. \u0219i pentru a v\u0103 ar\u0103ta reclame relevante pe alte site-uri. Ele nu stocheaz\u0103 direct informa\u021bii personale, dar se bazeaz\u0103 pe identificarea unic\u0103 a browser-ului \u0219i dispozitivului dvs. de internet.<\/li><\/ul><p>Folosim at\u00e2t cookie-uri de prim\u0103 parte, c\u00e2t \u0219i cookie-uri ter\u021be pe Site-ul nostru. Cookie-urile de prim\u0103 parte sunt cookie-uri setate de Site, \u00een timp ce cookie-urile ter\u021be sunt setate de domenii altele dec\u00e2t Site-ul.<\/p><p><strong>Cum pute\u021bi controla cookie-urile?<\/strong><br \/>Ave\u021bi dreptul de a alege dac\u0103 accepta\u021bi sau nu cookie-urile. Majoritatea browser-elor web accept\u0103 automat cookie-urile, dar pute\u021bi modifica set\u0103rile browser-ului pentru a refuza cookie-urile, dac\u0103 prefera\u021bi. Cu toate acestea, acest lucru v\u0103 poate \u00eempiedica s\u0103 profita\u021bi la maxim de Site.<\/p><p>De asemenea, pute\u021bi dezactiva sau \u0219terge cookie-urile care au fost deja setate pe dispozitivul dvs. Pentru a face acest lucru, v\u0103 rug\u0103m s\u0103 consulta\u021bi sec\u021biunea de ajutor \u0219i asisten\u021b\u0103 a browser-ului dvs. de internet pentru instruc\u021biuni despre cum s\u0103 bloca\u021bi sau s\u0103 \u0219terge\u021bi cookie-urile.<\/p><p><strong>Modific\u0103ri ale acestei politici<\/strong><br \/>Ne rezerv\u0103m dreptul de a actualiza aceast\u0103 Politic\u0103 de Cookie-uri din c\u00e2nd \u00een c\u00e2nd. Orice modific\u0103ri vor fi postate pe aceast\u0103 pagin\u0103, iar data efectiv\u0103 va fi actualizat\u0103 \u00een mod corespunz\u0103tor.<\/p><p><strong>Contacta\u021bi-ne<\/strong><br \/>Dac\u0103 ave\u021bi \u00eentreb\u0103ri despre aceast\u0103 Politic\u0103 de Cookie-uri, v\u0103 rug\u0103m s\u0103 ne contacta\u021bi la <a href=\"mailto:office@rei-d-services.com\">office@rei-d-services.com<\/a>.<\/p>\t\t\t\t\t\t<\/div>\n\t\t\t\t<\/div>\n\t\t\t\t\t<\/div>\n\t\t\t\t<\/div>\n\t\t\t\t<\/div>","protected":false},"excerpt":{"rendered":"<p>Cookie Policy This Cookie Policy explains how rei-d-services.com (\u201cwe\u201d, \u201cus\u201d, or \u201cour\u201d) uses cookies and similar tracking technologies when you visit our website (the \u201cWebsite\u201d). What are cookies?Cookies are small data files that are placed on your device (computer, tablet, or mobile phone) when you visit a website. Cookies enable the website to remember your&#8230;<\/p>\n<p><a rel=\"bookmark\" class=\"theme-button-text wolf-core-button wolf-core-button-size-md\" href=\"https:\/\/www.rei-d-services.com\/ro\/cookie-policy\/\"><span>Continue reading<\/span><\/a><\/p>","protected":false},"author":4,"featured_media":0,"parent":0,"menu_order":0,"comment_status":"closed","ping_status":"closed","template":"","meta":{"footnotes":""},"class_list":{"0":"post-5556","1":"page","2":"type-page","3":"status-publish","4":"hentry","5":"entry","6":"clearfix","7":"entry-grid","8":"entry-columns-default","9":"entry-page-module-layout-standard","10":"no-post-thumbnail","11":"entry-page","13":"entry-page-grid"},"_links":{"self":[{"href":"https:\/\/www.rei-d-services.com\/ro\/wp-json\/wp\/v2\/pages\/5556","targetHints":{"allow":["GET"]}}],"collection":[{"href":"https:\/\/www.rei-d-services.com\/ro\/wp-json\/wp\/v2\/pages"}],"about":[{"href":"https:\/\/www.rei-d-services.com\/ro\/wp-json\/wp\/v2\/types\/page"}],"author":[{"embeddable":true,"href":"https:\/\/www.rei-d-services.com\/ro\/wp-json\/wp\/v2\/users\/4"}],"replies":[{"embeddable":true,"href":"https:\/\/www.rei-d-services.com\/ro\/wp-json\/wp\/v2\/comments?post=5556"}],"version-history":[{"count":0,"href":"https:\/\/www.rei-d-services.com\/ro\/wp-json\/wp\/v2\/pages\/5556\/revisions"}],"wp:attachment":[{"href":"https:\/\/www.rei-d-services.com\/ro\/wp-json\/wp\/v2\/media?parent=5556"}],"curies":[{"name":"wp","href":"https:\/\/api.w.org\/{rel}","templated":true}]}}